{"id":1779,"date":"2022-12-02T09:46:09","date_gmt":"2022-12-02T07:46:09","guid":{"rendered":"https:\/\/air.veebikoda.com\/darbs-ar-azbestu\/"},"modified":"2023-01-19T13:13:50","modified_gmt":"2023-01-19T11:13:50","slug":"darbs-ar-azbestu","status":"publish","type":"page","link":"https:\/\/asbeko.ee\/lv\/darbs-ar-azbestu\/","title":{"rendered":"Darbs ar azbestu"},"content":{"rendered":"\n<h2 class=\"wp-block-heading\">Darbs ar azbestu<\/h2>\n\n\n\n<blockquote class=\"wp-block-quote is-layout-flow wp-block-quote-is-layout-flow\">\n<p><strong>Asbeko Air<\/strong>&nbsp;darbus, kas saist\u012bti ar azbestu, veic kop\u0161 2003. gada. Pas\u016btot pie mums, varat b\u016bt dro\u0161i, ka J\u016bs nekait\u0113siet nedz savai, nedz apk\u0101rt\u0113jo vesel\u012bbai, nerisk\u0113jot ar neatgriezenisk\u0101m vesel\u012bbas probl\u0113m\u0101m, ko izraisa azbesta da\u013ci\u0146u izplat\u012b\u0161an\u0101s neatbilsto\u0161as demont\u0101\u017eas un iepako\u0161anas rezult\u0101t\u0101.<\/p>\n<\/blockquote>\n\n\n\n<h4 class=\"wp-block-heading\">Uz\u0146\u0113mums ir Somijas Azbesta un putek\u013cu san\u0101cijas savien\u012bbas loceklis.<\/h4>\n\n\n\n<figure class=\"wp-block-image alignright\"><a href=\"http:\/\/www.sapry.fi\/\" target=\"_blank\" rel=\"noreferrer noopener\"><img decoding=\"async\" src=\"http:\/\/www.asbeko.ee\/web\/pics\/5f33e1d66b3d6b008183db648e41330b.gif\" alt=\"\" title=\"\"><\/a><\/figure>\n\n\n\n<p>Azbests cilv\u0113ka organisma ir \u0101rk\u0101rt\u012bgi b\u012bstams. Igaunijas Republik\u0101, t\u0101pat k\u0101 cit\u0101s att\u012bst\u012bt\u0101s valst\u012bs, ir sp\u0113k\u0101 likumi, kas nosaka darbu ar azbestu nekait\u012bgu veik\u0161anu.<\/p>\n\n\n\n<h3 class=\"wp-block-heading\">Likumdo\u0161ana Igaunijas Republik\u0101.<\/h3>\n\n\n\n<p><a href=\"https:\/\/www.riigiteataja.ee\/akt\/12872816\" target=\"_blank\" rel=\"noreferrer noopener\">Arodvesel\u012bbas un darba dro\u0161\u012bbas pras\u012bbas, kas attiecin\u0101mas uz darbu ar azbestu.<\/a><\/p>\n\n\n\n<p>P\u0113c Eiropas Darba dro\u0161\u012bbas un arodvesel\u012bbas a\u0123ent\u016bras zi\u0146\u0101m tikai Lielbrit\u0101nij\u0101 vien katru gadu mirst apm\u0113ram 3000 cilv\u0113ku no slim\u012bb\u0101m, ko izrais\u012bjusi k\u0101dreiz\u0113j\u0101 saskare ar azbestu, un \u0161is skaitlis prognoz\u0113jami l\u012bdz 2010. gadam pieaugs l\u012bdz 10 000. No \u0161iem cilv\u0113kiem 25 % k\u0101dreiz ir str\u0101d\u0101ju\u0161i b\u016bvniec\u012bb\u0101 vai veiku\u0161i apkopes darbus.<\/p>\n\n\n\n<p>Zviedrij\u0101 v\u0113l\u0101ko seku rezult\u0101t\u0101 saskar\u0113 ar azbestu mirst vair\u0101k cilv\u0113ku, nek\u0101 kopum\u0101 no nelaimes gad\u012bjumiem darbaviet\u0101!!! Azbests cilv\u0113ka organismam ir dz\u012bv\u012bbai b\u012bstams.<\/p>\n\n\n\n<p>Sm\u0113\u0137\u0113\u0161ana, k\u0101 zin\u0101ms, izraisa plau\u0161u v\u0113zi, bet vienlaikus eso\u0161\u0101 saskare ar azbestu vair\u0101kk\u0101rt palielina risku saslimt ar plau\u0161u v\u0113zi. Sm\u0113\u0137\u0113t\u0101jam, kur\u0161 ieelpo azbesta putek\u013cus, ir 50 reizes liel\u0101ks risks saslimt ar plau\u0161u v\u0113zi, nek\u0101 nesm\u0113\u0137\u0113t\u0101jam.<\/p>\n\n\n\n<p>Eiropas Komisija ar 27.07.1999. l\u0113mumu ir noteikusi aizliegt gandr\u012bz visus patlaban izmanto\u0161an\u0101 eso\u0161\u0101 azbesta veidus. No visiem azbesta veidiem 5 Eiropas Savien\u012bb\u0101 ir aizliegti kop\u0161 1991. gada. Hrizotila jeb balt\u0101 azbesta izmanto\u0161ana ir aizliegta 14 produktos, tom\u0113r tagad ir pie\u0146emts l\u0113mums par direkt\u012bvas papildin\u0101\u0161anu, nosakot piln\u012bgu balt\u0101 azbesta izmanto\u0161anas aizliegumu.<\/p>\n\n\n\n<p>Par azbesta kait\u0113jumu vesel\u012bbai daudzi nav pat dzird\u0113ju\u0161i, nedz ar\u012b prot sevi pasarg\u0101t no t\u0101s kait\u012bg\u0101s ietekmes. Ir zin\u0101ms, ka azbests boj\u0101 \u0161\u016bnu membr\u0101nas un audus, izraisa izmai\u0146as DNS un enz\u012bmu sist\u0113m\u0101s, k\u0101 ar\u012b azbesta putek\u013cu ieelpo\u0161ana izraisa dif\u016bzo plau\u0161u fibrozi (azbestozi) un dif\u016bzo plau\u0161as aptvero\u0161\u0101 apvalka jeb pleiras sabiez\u0113jumu. Azbests, k\u0101 zin\u0101ms, m\u016bsdien\u0101s ir viens no briesm\u012bg\u0101kajiem onkolo\u0123isko saslim\u0161anu izrais\u012bt\u0101jiem.<\/p>\n\n\n\n<p>Eirop\u0101 no azbesta izrais\u012bt\u0101m vesel\u012bbas probl\u0113m\u0101m mirst apm\u0113ram 10 000 cilv\u0113ku gad\u0101!<\/p>\n\n\n\n<p>Da\u017ei pla\u0161i izmantojamie azbestu saturo\u0161ie materi\u0101li: akustiskie apmetumi, ar izsmidzin\u0101\u0161anas metodi uzkl\u0101ti izol\u0101cijas materi\u0101li, ugunsdro\u0161\u0101s sienas, boileru izol\u0101cijas materi\u0101li, cauru\u013cu un elektrisko vadu izol\u0101cija.<\/p>\n\n\n\n<p><strong>NB! AZBESTS IR DZ\u012aV\u012aBAI B\u012aSTAMS!!!<\/strong><\/p>\n\n\n\n<p>Las\u012bt vair\u0101k:&nbsp;<a href=\"http:\/\/www.asbest.ee\/\" target=\"_blank\" rel=\"noopener\">www.asbest.ee<\/a><\/p>\n\n\n\n<p>Azbesta testi:&nbsp;<a href=\"http:\/\/www.tai.ee\/\" target=\"_blank\" rel=\"noopener\">Vesel\u012bbas att\u012bst\u012bbas instit\u016bts<\/a><\/p>\n\n\n\n<p><a href=\"https:\/\/www.rescue.ee\/dotAsset\/84a05465-d21d-478b-8831-a9cabf11ed9d.pdf\" target=\"_blank\" rel=\"noopener\">Gl\u0101b\u0161anas dienesta ieteikumi Pas\u016bt\u012bt\u0101jam attiec\u012bb\u0101 uz ventil\u0101cijas sist\u0113mas apkopi un t\u012br\u012b\u0161anu.<\/a><\/p>\n","protected":false},"excerpt":{"rendered":"<p>Darbs ar azbestu Asbeko Air&nbsp;darbus, kas saist\u012bti ar azbestu, veic kop\u0161 2003. gada. Pas\u016btot pie mums, varat b\u016bt dro\u0161i, ka J\u016bs nekait\u0113siet nedz savai, nedz apk\u0101rt\u0113jo vesel\u012bbai, nerisk\u0113jot ar neatgriezenisk\u0101m vesel\u012bbas probl\u0113m\u0101m, ko izraisa azbesta da\u013ci\u0146u izplat\u012b\u0161an\u0101s neatbilsto\u0161as demont\u0101\u017eas un iepako\u0161anas rezult\u0101t\u0101. Uz\u0146\u0113mums ir Somijas Azbesta un putek\u013cu san\u0101cijas savien\u012bbas loceklis. Azbests cilv\u0113ka organisma ir [&hellip;]<\/p>\n","protected":false},"author":2,"featured_media":0,"parent":0,"menu_order":0,"comment_status":"closed","ping_status":"closed","template":"","meta":{"footnotes":""},"class_list":["post-1779","page","type-page","status-publish","hentry"],"blocksy_meta":{"styles_descriptor":{"styles":{"desktop":"","tablet":"","mobile":""},"google_fonts":[],"version":6}},"rankMath":{"parentDomain":"asbeko.ee","noFollowDomains":[],"noFollowExcludeDomains":[],"noFollowExternalLinks":false,"featuredImageNotice":"The featured image should be at least 200 by 200 pixels to be picked up by Facebook and other social media sites.","pluginReviewed":true,"postSettings":{"linkSuggestions":true,"useFocusKeyword":false},"frontEndScore":false,"postName":"darbs-ar-azbestu","permalinkFormat":"https:\/\/asbeko.ee\/lv\/%pagename%\/","showLockModifiedDate":true,"assessor":{"focusKeywordLink":"https:\/\/asbeko.ee\/wp-admin\/edit.php?focus_keyword=%focus_keyword%&post_type=%post_type%","hasTOCPlugin":{"kadence-blocks\/kadence-blocks.php":"Kadence Blocks"},"primaryTaxonomy":false,"serpData":{"title":"Darbs ar azbestu | Asbeko Air O\u00dc","description":"Darbs ar azbestu. M\u0113s str\u0101d\u0101jam ar azbestu kop\u0161 2003. gada. Nosl\u0113dzot ar mums l\u012bgumu, j\u016bs varat b\u016bt dro\u0161i, ka nekait\u0113siet ne savai, ne apk\u0101rt\u0113jo vesel\u012bbai.","focusKeywords":"Darbs ar azbestu","pillarContent":false,"canonicalUrl":"","breadcrumbTitle":"","advancedRobots":{"max-snippet":"-1","max-video-preview":"-1","max-image-preview":"large"},"facebookTitle":"","facebookDescription":"","facebookImage":"","facebookImageID":"","facebookHasOverlay":false,"facebookImageOverlay":"","facebookAuthor":"","twitterCardType":"","twitterUseFacebook":true,"twitterTitle":"","twitterDescription":"","twitterImage":"","twitterImageID":"","twitterHasOverlay":false,"twitterImageOverlay":"","twitterPlayerUrl":"","twitterPlayerSize":"","twitterPlayerStream":"","twitterPlayerStreamCtype":"","twitterAppDescription":"","twitterAppIphoneName":"","twitterAppIphoneID":"","twitterAppIphoneUrl":"","twitterAppIpadName":"","twitterAppIpadID":"","twitterAppIpadUrl":"","twitterAppGoogleplayName":"","twitterAppGoogleplayID":"","twitterAppGoogleplayUrl":"","twitterAppCountry":"","robots":{"index":true},"twitterAuthor":"username","primaryTerm":0,"authorName":"Janek","titleTemplate":"%title% - %sitename%","descriptionTemplate":"%excerpt%","showScoreFrontend":true,"lockModifiedDate":false},"powerWords":[],"diacritics":{"A":"[\\u0041\\u24B6\\uFF21\\u00C0\\u00C1\\u00C2\\u1EA6\\u1EA4\\u1EAA\\u1EA8\\u00C3\\u0100\\u0102\\u1EB0\\u1EAE\\u1EB4\\u1EB2\\u0226\\u01E0\\u00C4\\u01DE\\u1EA2\\u00C5\\u01FA\\u01CD\\u0200\\u0202\\u1EA0\\u1EAC\\u1EB6\\u1E00\\u0104\\u023A\\u2C6F]","AA":"[\\uA732]","AE":"[\\u00C6\\u01FC\\u01E2]","AO":"[\\uA734]","AU":"[\\uA736]","AV":"[\\uA738\\uA73A]","AY":"[\\uA73C]","B":"[\\u0042\\u24B7\\uFF22\\u1E02\\u1E04\\u1E06\\u0243\\u0182\\u0181]","C":"[\\u0043\\u24B8\\uFF23\\u0106\\u0108\\u010A\\u010C\\u00C7\\u1E08\\u0187\\u023B\\uA73E]","D":"[\\u0044\\u24B9\\uFF24\\u1E0A\\u010E\\u1E0C\\u1E10\\u1E12\\u1E0E\\u0110\\u018B\\u018A\\u0189\\uA779]","DZ":"[\\u01F1\\u01C4]","Dz":"[\\u01F2\\u01C5]","E":"[\\u0045\\u24BA\\uFF25\\u00C8\\u00C9\\u00CA\\u1EC0\\u1EBE\\u1EC4\\u1EC2\\u1EBC\\u0112\\u1E14\\u1E16\\u0114\\u0116\\u00CB\\u1EBA\\u011A\\u0204\\u0206\\u1EB8\\u1EC6\\u0228\\u1E1C\\u0118\\u1E18\\u1E1A\\u0190\\u018E]","F":"[\\u0046\\u24BB\\uFF26\\u1E1E\\u0191\\uA77B]","G":"[\\u0047\\u24BC\\uFF27\\u01F4\\u011C\\u1E20\\u011E\\u0120\\u01E6\\u0122\\u01E4\\u0193\\uA7A0\\uA77D\\uA77E]","H":"[\\u0048\\u24BD\\uFF28\\u0124\\u1E22\\u1E26\\u021E\\u1E24\\u1E28\\u1E2A\\u0126\\u2C67\\u2C75\\uA78D]","I":"[\\u0049\\u24BE\\uFF29\\u00CC\\u00CD\\u00CE\\u0128\\u012A\\u012C\\u0130\\u00CF\\u1E2E\\u1EC8\\u01CF\\u0208\\u020A\\u1ECA\\u012E\\u1E2C\\u0197]","J":"[\\u004A\\u24BF\\uFF2A\\u0134\\u0248]","K":"[\\u004B\\u24C0\\uFF2B\\u1E30\\u01E8\\u1E32\\u0136\\u1E34\\u0198\\u2C69\\uA740\\uA742\\uA744\\uA7A2]","L":"[\\u004C\\u24C1\\uFF2C\\u013F\\u0139\\u013D\\u1E36\\u1E38\\u013B\\u1E3C\\u1E3A\\u0141\\u023D\\u2C62\\u2C60\\uA748\\uA746\\uA780]","LJ":"[\\u01C7]","Lj":"[\\u01C8]","M":"[\\u004D\\u24C2\\uFF2D\\u1E3E\\u1E40\\u1E42\\u2C6E\\u019C]","N":"[\\u004E\\u24C3\\uFF2E\\u01F8\\u0143\\u00D1\\u1E44\\u0147\\u1E46\\u0145\\u1E4A\\u1E48\\u0220\\u019D\\uA790\\uA7A4]","NJ":"[\\u01CA]","Nj":"[\\u01CB]","O":"[\\u004F\\u24C4\\uFF2F\\u00D2\\u00D3\\u00D4\\u1ED2\\u1ED0\\u1ED6\\u1ED4\\u00D5\\u1E4C\\u022C\\u1E4E\\u014C\\u1E50\\u1E52\\u014E\\u022E\\u0230\\u00D6\\u022A\\u1ECE\\u0150\\u01D1\\u020C\\u020E\\u01A0\\u1EDC\\u1EDA\\u1EE0\\u1EDE\\u1EE2\\u1ECC\\u1ED8\\u01EA\\u01EC\\u00D8\\u01FE\\u0186\\u019F\\uA74A\\uA74C]","OI":"[\\u01A2]","OO":"[\\uA74E]","OU":"[\\u0222]","P":"[\\u0050\\u24C5\\uFF30\\u1E54\\u1E56\\u01A4\\u2C63\\uA750\\uA752\\uA754]","Q":"[\\u0051\\u24C6\\uFF31\\uA756\\uA758\\u024A]","R":"[\\u0052\\u24C7\\uFF32\\u0154\\u1E58\\u0158\\u0210\\u0212\\u1E5A\\u1E5C\\u0156\\u1E5E\\u024C\\u2C64\\uA75A\\uA7A6\\uA782]","S":"[\\u0053\\u24C8\\uFF33\\u1E9E\\u015A\\u1E64\\u015C\\u1E60\\u0160\\u1E66\\u1E62\\u1E68\\u0218\\u015E\\u2C7E\\uA7A8\\uA784]","T":"[\\u0054\\u24C9\\uFF34\\u1E6A\\u0164\\u1E6C\\u021A\\u0162\\u1E70\\u1E6E\\u0166\\u01AC\\u01AE\\u023E\\uA786]","TZ":"[\\uA728]","U":"[\\u0055\\u24CA\\uFF35\\u00D9\\u00DA\\u00DB\\u0168\\u1E78\\u016A\\u1E7A\\u016C\\u00DC\\u01DB\\u01D7\\u01D5\\u01D9\\u1EE6\\u016E\\u0170\\u01D3\\u0214\\u0216\\u01AF\\u1EEA\\u1EE8\\u1EEE\\u1EEC\\u1EF0\\u1EE4\\u1E72\\u0172\\u1E76\\u1E74\\u0244]","V":"[\\u0056\\u24CB\\uFF36\\u1E7C\\u1E7E\\u01B2\\uA75E\\u0245]","VY":"[\\uA760]","W":"[\\u0057\\u24CC\\uFF37\\u1E80\\u1E82\\u0174\\u1E86\\u1E84\\u1E88\\u2C72]","X":"[\\u0058\\u24CD\\uFF38\\u1E8A\\u1E8C]","Y":"[\\u0059\\u24CE\\uFF39\\u1EF2\\u00DD\\u0176\\u1EF8\\u0232\\u1E8E\\u0178\\u1EF6\\u1EF4\\u01B3\\u024E\\u1EFE]","Z":"[\\u005A\\u24CF\\uFF3A\\u0179\\u1E90\\u017B\\u017D\\u1E92\\u1E94\\u01B5\\u0224\\u2C7F\\u2C6B\\uA762]","a":"[\\u0061\\u24D0\\uFF41\\u1E9A\\u00E0\\u00E1\\u00E2\\u1EA7\\u1EA5\\u1EAB\\u1EA9\\u00E3\\u0101\\u0103\\u1EB1\\u1EAF\\u1EB5\\u1EB3\\u0227\\u01E1\\u00E4\\u01DF\\u1EA3\\u00E5\\u01FB\\u01CE\\u0201\\u0203\\u1EA1\\u1EAD\\u1EB7\\u1E01\\u0105\\u2C65\\u0250]","aa":"[\\uA733]","ae":"[\\u00E6\\u01FD\\u01E3]","ao":"[\\uA735]","au":"[\\uA737]","av":"[\\uA739\\uA73B]","ay":"[\\uA73D]","b":"[\\u0062\\u24D1\\uFF42\\u1E03\\u1E05\\u1E07\\u0180\\u0183\\u0253]","c":"[\\u0063\\u24D2\\uFF43\\u0107\\u0109\\u010B\\u010D\\u00E7\\u1E09\\u0188\\u023C\\uA73F\\u2184]","d":"[\\u0064\\u24D3\\uFF44\\u1E0B\\u010F\\u1E0D\\u1E11\\u1E13\\u1E0F\\u0111\\u018C\\u0256\\u0257\\uA77A]","dz":"[\\u01F3\\u01C6]","e":"[\\u0065\\u24D4\\uFF45\\u00E8\\u00E9\\u00EA\\u1EC1\\u1EBF\\u1EC5\\u1EC3\\u1EBD\\u0113\\u1E15\\u1E17\\u0115\\u0117\\u00EB\\u1EBB\\u011B\\u0205\\u0207\\u1EB9\\u1EC7\\u0229\\u1E1D\\u0119\\u1E19\\u1E1B\\u0247\\u025B\\u01DD]","f":"[\\u0066\\u24D5\\uFF46\\u1E1F\\u0192\\uA77C]","g":"[\\u0067\\u24D6\\uFF47\\u01F5\\u011D\\u1E21\\u011F\\u0121\\u01E7\\u0123\\u01E5\\u0260\\uA7A1\\u1D79\\uA77F]","h":"[\\u0068\\u24D7\\uFF48\\u0125\\u1E23\\u1E27\\u021F\\u1E25\\u1E29\\u1E2B\\u1E96\\u0127\\u2C68\\u2C76\\u0265]","hv":"[\\u0195]","i":"[\\u0069\\u24D8\\uFF49\\u00EC\\u00ED\\u00EE\\u0129\\u012B\\u012D\\u00EF\\u1E2F\\u1EC9\\u01D0\\u0209\\u020B\\u1ECB\\u012F\\u1E2D\\u0268\\u0131]","j":"[\\u006A\\u24D9\\uFF4A\\u0135\\u01F0\\u0249]","k":"[\\u006B\\u24DA\\uFF4B\\u1E31\\u01E9\\u1E33\\u0137\\u1E35\\u0199\\u2C6A\\uA741\\uA743\\uA745\\uA7A3]","l":"[\\u006C\\u24DB\\uFF4C\\u0140\\u013A\\u013E\\u1E37\\u1E39\\u013C\\u1E3D\\u1E3B\\u017F\\u0142\\u019A\\u026B\\u2C61\\uA749\\uA781\\uA747]","lj":"[\\u01C9]","m":"[\\u006D\\u24DC\\uFF4D\\u1E3F\\u1E41\\u1E43\\u0271\\u026F]","n":"[\\u006E\\u24DD\\uFF4E\\u01F9\\u0144\\u00F1\\u1E45\\u0148\\u1E47\\u0146\\u1E4B\\u1E49\\u019E\\u0272\\u0149\\uA791\\uA7A5]","nj":"[\\u01CC]","o":"[\\u006F\\u24DE\\uFF4F\\u00F2\\u00F3\\u00F4\\u1ED3\\u1ED1\\u1ED7\\u1ED5\\u00F5\\u1E4D\\u022D\\u1E4F\\u014D\\u1E51\\u1E53\\u014F\\u022F\\u0231\\u00F6\\u022B\\u1ECF\\u0151\\u01D2\\u020D\\u020F\\u01A1\\u1EDD\\u1EDB\\u1EE1\\u1EDF\\u1EE3\\u1ECD\\u1ED9\\u01EB\\u01ED\\u00F8\\u01FF\\u0254\\uA74B\\uA74D\\u0275]","oi":"[\\u01A3]","ou":"[\\u0223]","oo":"[\\uA74F]","p":"[\\u0070\\u24DF\\uFF50\\u1E55\\u1E57\\u01A5\\u1D7D\\uA751\\uA753\\uA755]","q":"[\\u0071\\u24E0\\uFF51\\u024B\\uA757\\uA759]","r":"[\\u0072\\u24E1\\uFF52\\u0155\\u1E59\\u0159\\u0211\\u0213\\u1E5B\\u1E5D\\u0157\\u1E5F\\u024D\\u027D\\uA75B\\uA7A7\\uA783]","s":"[\\u0073\\u24E2\\uFF53\\u015B\\u1E65\\u015D\\u1E61\\u0161\\u1E67\\u1E63\\u1E69\\u0219\\u015F\\u023F\\uA7A9\\uA785\\u1E9B]","ss":"[\\u00DF]","t":"[\\u0074\\u24E3\\uFF54\\u1E6B\\u1E97\\u0165\\u1E6D\\u021B\\u0163\\u1E71\\u1E6F\\u0167\\u01AD\\u0288\\u2C66\\uA787]","tz":"[\\uA729]","u":"[\\u0075\\u24E4\\uFF55\\u00F9\\u00FA\\u00FB\\u0169\\u1E79\\u016B\\u1E7B\\u016D\\u00FC\\u01DC\\u01D8\\u01D6\\u01DA\\u1EE7\\u016F\\u0171\\u01D4\\u0215\\u0217\\u01B0\\u1EEB\\u1EE9\\u1EEF\\u1EED\\u1EF1\\u1EE5\\u1E73\\u0173\\u1E77\\u1E75\\u0289]","v":"[\\u0076\\u24E5\\uFF56\\u1E7D\\u1E7F\\u028B\\uA75F\\u028C]","vy":"[\\uA761]","w":"[\\u0077\\u24E6\\uFF57\\u1E81\\u1E83\\u0175\\u1E87\\u1E85\\u1E98\\u1E89\\u2C73]","x":"[\\u0078\\u24E7\\uFF58\\u1E8B\\u1E8D]","y":"[\\u0079\\u24E8\\uFF59\\u1EF3\\u00FD\\u0177\\u1EF9\\u0233\\u1E8F\\u00FF\\u1EF7\\u1E99\\u1EF5\\u01B4\\u024F\\u1EFF]","z":"[\\u007A\\u24E9\\uFF5A\\u017A\\u1E91\\u017C\\u017E\\u1E93\\u1E95\\u01B6\\u0225\\u0240\\u2C6C\\uA763]"},"researchesTests":["contentHasTOC","contentHasShortParagraphs","contentHasAssets","keywordInTitle","keywordInMetaDescription","keywordInPermalink","keywordIn10Percent","keywordInContent","keywordInSubheadings","keywordInImageAlt","keywordDensity","keywordNotUsed","lengthContent","lengthPermalink","linksHasInternal","linksHasExternals","linksNotAllExternals","titleStartWithKeyword","titleSentiment","titleHasPowerWords","titleHasNumber","hasContentAI"],"hasRedirection":true,"hasBreadcrumb":true},"homeUrl":"https:\/\/asbeko.ee\/lv\/","objectID":1779,"objectType":"post","locale":"lv","localeFull":"lv_LV","overlayImages":{"play":{"name":"Play icon","url":"https:\/\/asbeko.ee\/wp-content\/plugins\/seo-by-rank-math\/assets\/admin\/img\/icon-play.png","path":"\/data01\/virt32671\/domeenid\/www.asbeko.ee\/htdocs\/wp-content\/plugins\/seo-by-rank-math\/assets\/admin\/img\/icon-play.png","position":"middle_center"},"gif":{"name":"GIF icon","url":"https:\/\/asbeko.ee\/wp-content\/plugins\/seo-by-rank-math\/assets\/admin\/img\/icon-gif.png","path":"\/data01\/virt32671\/domeenid\/www.asbeko.ee\/htdocs\/wp-content\/plugins\/seo-by-rank-math\/assets\/admin\/img\/icon-gif.png","position":"middle_center"}},"defautOgImage":"https:\/\/asbeko.ee\/wp-content\/plugins\/seo-by-rank-math\/assets\/admin\/img\/social-placeholder.jpg","customPermalinks":true,"isUserRegistered":false,"autoSuggestKeywords":false,"connectSiteUrl":"https:\/\/rankmath.com\/auth?site=https%3A%2F%2Fasbeko.ee%2Flv%2F&r=https%3A%2F%2Fasbeko.ee%2Flv%2Fwp-json%2Fwp%2Fv2%2Fpages%2F1779%3Fnonce%3D2a38ae833d","maxTags":5,"trendsIcon":"<svg viewBox=\"0 0 610 610\"><path d=\"M18.85,446,174.32,290.48l58.08,58.08L76.93,504a14.54,14.54,0,0,1-20.55,0L18.83,466.48a14.54,14.54,0,0,1,0-20.55Z\" style=\"fill:#4285f4\"\/><path d=\"M242.65,242.66,377.59,377.6l-47.75,47.75a14.54,14.54,0,0,1-20.55,0L174.37,290.43l47.75-47.75A14.52,14.52,0,0,1,242.65,242.66Z\" style=\"fill:#ea4335\"\/><polygon points=\"319.53 319.53 479.26 159.8 537.34 217.88 377.61 377.62 319.53 319.53\" style=\"fill:#fabb05\"\/><path d=\"M594.26,262.73V118.61h0a16.94,16.94,0,0,0-16.94-16.94H433.2a16.94,16.94,0,0,0-12,28.92L565.34,274.71h0a16.94,16.94,0,0,0,28.92-12Z\" style=\"fill:#34a853\"\/><rect width=\"610\" height=\"610\" style=\"fill:none\"\/><\/svg>","showScore":true,"siteFavIcon":"https:\/\/asbeko.ee\/wp-content\/uploads\/2022\/12\/002-filter.png","canUser":{"general":false,"advanced":false,"snippet":false,"social":false,"analysis":false,"analytics":false,"content_ai":false},"isPro":false,"is_front_page":false,"trendsUpgradeLink":"https:\/\/rankmath.com\/pricing\/?utm_source=Plugin&utm_medium=CE%20General%20Tab%20Trends&utm_campaign=WP","trendsUpgradeLabel":"Upgrade","trendsPreviewImage":"https:\/\/asbeko.ee\/wp-content\/plugins\/seo-by-rank-math\/assets\/admin\/img\/trends-preview.jpg","currentEditor":false,"homepageData":{"assessor":{"powerWords":[],"diacritics":true,"researchesTests":["contentHasTOC","contentHasShortParagraphs","contentHasAssets","keywordInTitle","keywordInMetaDescription","keywordInPermalink","keywordIn10Percent","keywordInContent","keywordInSubheadings","keywordInImageAlt","keywordDensity","keywordNotUsed","lengthContent","lengthPermalink","linksHasInternal","linksHasExternals","linksNotAllExternals","titleStartWithKeyword","titleSentiment","titleHasPowerWords","titleHasNumber","hasContentAI"],"hasBreadcrumb":true,"serpData":{"title":true,"description":true,"titleTemplate":"%sitename% %page% %sep% %sitedesc%","descriptionTemplate":"","focusKeywords":"","breadcrumbTitle":"Home","robots":{"index":true},"advancedRobots":{"max-snippet":"-1","max-video-preview":"-1","max-image-preview":"large"},"facebookTitle":"","facebookDescription":"","facebookImage":"","facebookImageID":""}}},"tocTitle":"Table of Contents","tocExcludeHeadings":[],"listStyle":"ul"},"_links":{"self":[{"href":"https:\/\/asbeko.ee\/lv\/wp-json\/wp\/v2\/pages\/1779","targetHints":{"allow":["GET"]}}],"collection":[{"href":"https:\/\/asbeko.ee\/lv\/wp-json\/wp\/v2\/pages"}],"about":[{"href":"https:\/\/asbeko.ee\/lv\/wp-json\/wp\/v2\/types\/page"}],"author":[{"embeddable":true,"href":"https:\/\/asbeko.ee\/lv\/wp-json\/wp\/v2\/users\/2"}],"replies":[{"embeddable":true,"href":"https:\/\/asbeko.ee\/lv\/wp-json\/wp\/v2\/comments?post=1779"}],"version-history":[{"count":2,"href":"https:\/\/asbeko.ee\/lv\/wp-json\/wp\/v2\/pages\/1779\/revisions"}],"predecessor-version":[{"id":1783,"href":"https:\/\/asbeko.ee\/lv\/wp-json\/wp\/v2\/pages\/1779\/revisions\/1783"}],"wp:attachment":[{"href":"https:\/\/asbeko.ee\/lv\/wp-json\/wp\/v2\/media?parent=1779"}],"curies":[{"name":"wp","href":"https:\/\/api.w.org\/{rel}","templated":true}]}}